{"id":130,"date":"2023-04-26T13:44:00","date_gmt":"2023-04-26T13:44:00","guid":{"rendered":"https:\/\/vonbingen.no\/hjem\/?page_id=130"},"modified":"2023-04-27T19:11:34","modified_gmt":"2023-04-27T19:11:34","slug":"komponister","status":"publish","type":"page","link":"https:\/\/vonbingen.no\/hjem\/komponister\/","title":{"rendered":"Komponister"},"content":{"rendered":"<div class=\"wpb-content-wrapper\"><p>[vc_row][vc_column][vc_column_text]<\/p>\n<h3>Disse har vi jobbet med p\u00e5 en eller flere m\u00e5ter:<\/h3>\n<ul>\n<li>Agathe Backer Gr\u00f8ndahl<\/li>\n<li><a href=\"https:\/\/vonbingen.no\/hjem\/ragna-mostad-saltnessand\/\">Ragna Mostad Saltnessand<\/a><\/li>\n<li>Signe Lund<\/li>\n<li>Anna Severine Lindemann<\/li>\n<li>Pauline Hall<\/li>\n<li>Hildegard von Bingen<\/li>\n<\/ul>\n<p>[\/vc_column_text][vc_empty_space][\/vc_column][\/vc_row]<\/p>\n<\/div>","protected":false},"excerpt":{"rendered":"<p>[vc_row][vc_column][vc_column_text] Disse har vi jobbet med p\u00e5 en eller flere m\u00e5ter: Agathe Backer Gr\u00f8ndahl Ragna Mostad Saltnessand Signe Lund Anna Severine Lindemann Pauline Hall Hildegard von Bingen [\/vc_column_text][vc_empty_space][\/vc_column][\/vc_row]<\/p>\n","protected":false},"author":1,"featured_media":0,"parent":0,"menu_order":0,"comment_status":"closed","ping_status":"closed","template":"","meta":{"_acf_changed":false,"footnotes":""},"class_list":["post-130","page","type-page","status-publish","hentry"],"acf":[],"_links":{"self":[{"href":"https:\/\/vonbingen.no\/hjem\/wp-json\/wp\/v2\/pages\/130","targetHints":{"allow":["GET"]}}],"collection":[{"href":"https:\/\/vonbingen.no\/hjem\/wp-json\/wp\/v2\/pages"}],"about":[{"href":"https:\/\/vonbingen.no\/hjem\/wp-json\/wp\/v2\/types\/page"}],"author":[{"embeddable":true,"href":"https:\/\/vonbingen.no\/hjem\/wp-json\/wp\/v2\/users\/1"}],"replies":[{"embeddable":true,"href":"https:\/\/vonbingen.no\/hjem\/wp-json\/wp\/v2\/comments?post=130"}],"version-history":[{"count":8,"href":"https:\/\/vonbingen.no\/hjem\/wp-json\/wp\/v2\/pages\/130\/revisions"}],"predecessor-version":[{"id":303,"href":"https:\/\/vonbingen.no\/hjem\/wp-json\/wp\/v2\/pages\/130\/revisions\/303"}],"wp:attachment":[{"href":"https:\/\/vonbingen.no\/hjem\/wp-json\/wp\/v2\/media?parent=130"}],"curies":[{"name":"wp","href":"https:\/\/api.w.org\/{rel}","templated":true}]}}