{"id":132,"date":"2023-04-26T13:44:33","date_gmt":"2023-04-26T13:44:33","guid":{"rendered":"https:\/\/vonbingen.no\/hjem\/?page_id=132"},"modified":"2023-04-28T11:46:18","modified_gmt":"2023-04-28T11:46:18","slug":"ragna-mostad-saltnessand","status":"publish","type":"page","link":"https:\/\/vonbingen.no\/hjem\/ragna-mostad-saltnessand\/","title":{"rendered":"Ragna Mostad Saltnessand"},"content":{"rendered":"<div class=\"wpb-content-wrapper\"><p>[vc_row][vc_column width=&#8221;1\/2&#8243;][vc_single_image image=&#8221;178&#8243; img_size=&#8221;full&#8221;][\/vc_column][vc_column width=&#8221;1\/2&#8243;][vc_column_text]Ragna er s\u00f8stra til oldefaren til Marianne. Det er jo spennende.<\/p>\n<p>F\u00f8dt p\u00e5 Frosta i 1879, datter av Johan Arnt Mostad. Musikalsk familie. Alltid klar til \u00e5 spille, uansett n\u00e5r p\u00e5 d\u00f8gnet det var. F\u00f8rste spelkvinne i Leikarlaget i Bondeungdomslaget i Trondheim. Spilte b\u00e5de folkemusikk og klassisk, og skrev sl\u00e5tter. Gifta seg med Lars Saltnessand og flyttet til Buvika.[\/vc_column_text][\/vc_column][\/vc_row]<\/p>\n<\/div>","protected":false},"excerpt":{"rendered":"<p>[vc_row][vc_column width=&#8221;1\/2&#8243;][vc_single_image image=&#8221;178&#8243; img_size=&#8221;full&#8221;][\/vc_column][vc_column width=&#8221;1\/2&#8243;][vc_column_text]Ragna er s\u00f8stra til oldefaren til Marianne. Det er jo spennende. F\u00f8dt p\u00e5 Frosta i 1879, datter av Johan Arnt Mostad. Musikalsk familie. Alltid klar til \u00e5 spille, uansett n\u00e5r p\u00e5 d\u00f8gnet det var. F\u00f8rste spelkvinne i Leikarlaget i Bondeungdomslaget i Trondheim. Spilte b\u00e5de folkemusikk og klassisk, og skrev sl\u00e5tter. Gifta&hellip;<\/p>\n","protected":false},"author":1,"featured_media":0,"parent":0,"menu_order":0,"comment_status":"closed","ping_status":"closed","template":"","meta":{"_acf_changed":false,"footnotes":""},"class_list":["post-132","page","type-page","status-publish","hentry"],"acf":[],"_links":{"self":[{"href":"https:\/\/vonbingen.no\/hjem\/wp-json\/wp\/v2\/pages\/132","targetHints":{"allow":["GET"]}}],"collection":[{"href":"https:\/\/vonbingen.no\/hjem\/wp-json\/wp\/v2\/pages"}],"about":[{"href":"https:\/\/vonbingen.no\/hjem\/wp-json\/wp\/v2\/types\/page"}],"author":[{"embeddable":true,"href":"https:\/\/vonbingen.no\/hjem\/wp-json\/wp\/v2\/users\/1"}],"replies":[{"embeddable":true,"href":"https:\/\/vonbingen.no\/hjem\/wp-json\/wp\/v2\/comments?post=132"}],"version-history":[{"count":8,"href":"https:\/\/vonbingen.no\/hjem\/wp-json\/wp\/v2\/pages\/132\/revisions"}],"predecessor-version":[{"id":391,"href":"https:\/\/vonbingen.no\/hjem\/wp-json\/wp\/v2\/pages\/132\/revisions\/391"}],"wp:attachment":[{"href":"https:\/\/vonbingen.no\/hjem\/wp-json\/wp\/v2\/media?parent=132"}],"curies":[{"name":"wp","href":"https:\/\/api.w.org\/{rel}","templated":true}]}}