{"id":258,"date":"2023-04-27T09:56:15","date_gmt":"2023-04-27T09:56:15","guid":{"rendered":"https:\/\/vonbingen.no\/hjem\/?page_id=258"},"modified":"2023-04-28T10:35:30","modified_gmt":"2023-04-28T10:35:30","slug":"andre-ressurser","status":"publish","type":"page","link":"https:\/\/vonbingen.no\/hjem\/andre-ressurser\/","title":{"rendered":"Andre ressurser"},"content":{"rendered":"<div class=\"wpb-content-wrapper\"><p>[vc_row][vc_column][vc_column_text]her samler vi ressursene vi ikke har lagt et annet sted[\/vc_column_text][\/vc_column][\/vc_row][vc_row][vc_column width=&#8221;1\/5&#8243;][vc_single_image image=&#8221;314&#8243; img_size=&#8221;full&#8221; add_caption=&#8221;yes&#8221;][vc_column_text]<a href=\"https:\/\/khrono.no\/menn-dominerer-semesterplanen\/724731\">Siri Storheims velformulerte kritikk av Norge musikkh\u00f8gskole.<\/a>[\/vc_column_text][\/vc_column][vc_column width=&#8221;1\/5&#8243;][vc_single_image image=&#8221;355&#8243; img_size=&#8221;full&#8221;][vc_column_text]<a href=\"https:\/\/gullbergbostadlokken.com\">Gullberg&amp;Bostadl\u00f8kken<\/a> er en utrolig kul bruktbokhandel med fokus p\u00e5 feministiske b\u00f8ker.[\/vc_column_text][\/vc_column][vc_column width=&#8221;1\/5&#8243;][\/vc_column][vc_column width=&#8221;1\/5&#8243;][\/vc_column][vc_column width=&#8221;1\/5&#8243;][\/vc_column][\/vc_row]<\/p>\n<\/div>","protected":false},"excerpt":{"rendered":"<p>[vc_row][vc_column][vc_column_text]her samler vi ressursene vi ikke har lagt et annet sted[\/vc_column_text][\/vc_column][\/vc_row][vc_row][vc_column width=&#8221;1\/5&#8243;][vc_single_image image=&#8221;314&#8243; img_size=&#8221;full&#8221; add_caption=&#8221;yes&#8221;][vc_column_text]Siri Storheims velformulerte kritikk av Norge musikkh\u00f8gskole.[\/vc_column_text][\/vc_column][vc_column width=&#8221;1\/5&#8243;][vc_single_image image=&#8221;355&#8243; img_size=&#8221;full&#8221;][vc_column_text]Gullberg&amp;Bostadl\u00f8kken er en utrolig kul bruktbokhandel med fokus p\u00e5 feministiske b\u00f8ker.[\/vc_column_text][\/vc_column][vc_column width=&#8221;1\/5&#8243;][\/vc_column][vc_column width=&#8221;1\/5&#8243;][\/vc_column][vc_column width=&#8221;1\/5&#8243;][\/vc_column][\/vc_row]<\/p>\n","protected":false},"author":1,"featured_media":0,"parent":0,"menu_order":0,"comment_status":"closed","ping_status":"closed","template":"","meta":{"_acf_changed":false,"footnotes":""},"class_list":["post-258","page","type-page","status-publish","hentry"],"acf":[],"_links":{"self":[{"href":"https:\/\/vonbingen.no\/hjem\/wp-json\/wp\/v2\/pages\/258","targetHints":{"allow":["GET"]}}],"collection":[{"href":"https:\/\/vonbingen.no\/hjem\/wp-json\/wp\/v2\/pages"}],"about":[{"href":"https:\/\/vonbingen.no\/hjem\/wp-json\/wp\/v2\/types\/page"}],"author":[{"embeddable":true,"href":"https:\/\/vonbingen.no\/hjem\/wp-json\/wp\/v2\/users\/1"}],"replies":[{"embeddable":true,"href":"https:\/\/vonbingen.no\/hjem\/wp-json\/wp\/v2\/comments?post=258"}],"version-history":[{"count":7,"href":"https:\/\/vonbingen.no\/hjem\/wp-json\/wp\/v2\/pages\/258\/revisions"}],"predecessor-version":[{"id":354,"href":"https:\/\/vonbingen.no\/hjem\/wp-json\/wp\/v2\/pages\/258\/revisions\/354"}],"wp:attachment":[{"href":"https:\/\/vonbingen.no\/hjem\/wp-json\/wp\/v2\/media?parent=258"}],"curies":[{"name":"wp","href":"https:\/\/api.w.org\/{rel}","templated":true}]}}